{"id":1998,"date":"2024-04-24T09:57:49","date_gmt":"2024-04-24T07:57:49","guid":{"rendered":"https:\/\/laprimaveradelcava.com\/contacto\/"},"modified":"2026-03-25T11:13:16","modified_gmt":"2026-03-25T10:13:16","slug":"contacto","status":"publish","type":"page","link":"https:\/\/laprimaveradelcava.com\/es\/contacto\/","title":{"rendered":"Contacto"},"content":{"rendered":"<p>[et_pb_section fb_built=\u00bb1&#8243; module_class=\u00bbheader-home\u00bb _builder_version=\u00bb4.25.0&#8243; _module_preset=\u00bbdefault\u00bb background_color=\u00bb#cecece\u00bb background_image=\u00bbhttps:\/\/laprimaveradelcava.com\/wp-content\/uploads\/2025\/01\/jovani-5.jpg\u00bb background_blend=\u00bbmultiply\u00bb min_height=\u00bb55vh\u00bb min_height_tablet=\u00bb75vh\u00bb min_height_phone=\u00bb40vh\u00bb min_height_last_edited=\u00bbon|phone\u00bb custom_margin=\u00bb12px|12px|12px|12px|false|false\u00bb custom_padding=\u00bb||||false|false\u00bb border_radii=\u00bbon|8px|8px|8px|8px\u00bb global_colors_info=\u00bb{}\u00bb][et_pb_row custom_padding_last_edited=\u00bbon|tablet\u00bb _builder_version=\u00bb4.25.0&#8243; _module_preset=\u00bb_initial\u00bb positioning=\u00bbabsolute\u00bb position_origin_a=\u00bbbottom_center\u00bb position_origin_a_tablet=\u00bbbottom_center\u00bb position_origin_a_phone=\u00bbbottom_center\u00bb position_origin_a_last_edited=\u00bbon|tablet\u00bb position_origin_f_tablet=\u00bb\u00bb position_origin_f_phone=\u00bb\u00bb position_origin_f_last_edited=\u00bbon|desktop\u00bb position_origin_r_tablet=\u00bb\u00bb position_origin_r_phone=\u00bb\u00bb position_origin_r_last_edited=\u00bbon|desktop\u00bb max_width_tablet=\u00bb\u00bb max_width_phone=\u00bb\u00bb max_width_last_edited=\u00bbon|desktop\u00bb custom_padding=\u00bb||60px||false|false\u00bb custom_padding_tablet=\u00bb||60px||false|false\u00bb custom_padding_phone=\u00bb||60px||false|false\u00bb positioning_tablet=\u00bbnone\u00bb positioning_phone=\u00bbnone\u00bb positioning_last_edited=\u00bbon|desktop\u00bb global_colors_info=\u00bb{}\u00bb][et_pb_column type=\u00bb4_4&#8243; _builder_version=\u00bb4.23.1&#8243; _module_preset=\u00bbdefault\u00bb global_colors_info=\u00bb{}\u00bb][et_pb_text _builder_version=\u00bb4.25.0&#8243; _module_preset=\u00bb_initial\u00bb background_layout=\u00bbdark\u00bb max_width=\u00bb90%\u00bb max_width_tablet=\u00bb100%\u00bb max_width_phone=\u00bb100%\u00bb max_width_last_edited=\u00bbon|phone\u00bb custom_padding=\u00bb|0px||||\u00bb global_colors_info=\u00bb{}\u00bb]<\/p>\n<h1>Contacto | La Primavera del Cava<\/h1>\n<p>[\/et_pb_text][\/et_pb_column][\/et_pb_row][\/et_pb_section][et_pb_section fb_built=\u00bb1&#8243; custom_padding_last_edited=\u00bbon|phone\u00bb _builder_version=\u00bb4.25.0&#8243; _module_preset=\u00bbdefault\u00bb background_color=\u00bb#F2F5E9&#8243; custom_padding_tablet=\u00bb\u00bb custom_padding_phone=\u00bb0px||||false|false\u00bb global_colors_info=\u00bb{}\u00bb][et_pb_row column_structure=\u00bb1_2,1_2&#8243; _builder_version=\u00bb4.25.0&#8243; _module_preset=\u00bbdefault\u00bb custom_margin=\u00bb|auto|-40px|auto||\u00bb custom_padding=\u00bb34px|||||\u00bb global_colors_info=\u00bb{}\u00bb][et_pb_column type=\u00bb1_2&#8243; _builder_version=\u00bb4.25.0&#8243; _module_preset=\u00bbdefault\u00bb global_colors_info=\u00bb{}\u00bb][et_pb_text _builder_version=\u00bb4.25.0&#8243; _module_preset=\u00bbdefault\u00bb global_colors_info=\u00bb{}\u00bb]<\/p>\n<h2><strong>CONTACTO &#8211; \u00bfTienes dudas o quieres m\u00e1s info? \u00a1Escr\u00edbenos y te responderemos r\u00e1pido! <\/strong><strong><\/strong><\/h2>\n<p>&nbsp;<\/p>\n<p>[\/et_pb_text][et_pb_text _builder_version=\u00bb4.25.0&#8243; _module_preset=\u00bbdefault\u00bb custom_margin=\u00bb-29px|||||\u00bb global_colors_info=\u00bb{}\u00bb]<\/p>\n<p>La Primavera del Cava est\u00e1 impulsada por <a href=\"https:\/\/aecava.com\/\" target=\"_blank\" rel=\"noopener\">AECAVA <\/a>y este 2026 celebramos la 9\u00aa edici\u00f3n de La Primavera del Cava con actividades incre\u00edbles: catas, maridajes, cenas entre vi\u00f1edos y m\u00e1s.<\/p>\n<p><a href=\"mailto:info@laprimaveradelcava.com\">info@laprimaveradelcava.com<\/a><\/p>\n<p>(+0034) 93 891 02 36<\/p>\n<p data-start=\"547\" data-end=\"758\">S\u00edguenos en <a href=\"https:\/\/www.instagram.com\/laprimaveradelcava\/\" target=\"_blank\" rel=\"noopener\">Instagram<\/a> <a href=\"https:\/\/www.instagram.com\/laprimaveradelcava\/\" target=\"_blank\" rel=\"noopener\">@laprimaveradelcava<\/a> y no te pierdas fotos, v\u00eddeos y novedades de las bodegas y actividades.<\/p>\n<p data-start=\"547\" data-end=\"758\">Y si quieres, suscr\u00edbete a nuestro bolet\u00edn y recibe info exclusiva, promociones y recordatorios de entradas.<\/p>\n<p data-start=\"760\" data-end=\"808\"><a href=\"laprimaveradelcava.com\/activitats\">\u00a1Vive la primavera todo el a\u00f1o con nosotros!<\/a><\/p>\n<p data-start=\"241\" data-end=\"297\" class=\"\">\n<p>[\/et_pb_text][et_pb_image src=\u00bbhttps:\/\/laprimaveradelcava.com\/wp-content\/uploads\/2025\/03\/La-Primavera-del-Cava-Giro-del-Gorner-3-1.png\u00bb alt=\u00bbLa Primavera del Cava Enoturisme al Pened\u00e8s Experi\u00e8ncies i diversi\u00f3\u00bb title_text=\u00bbLa Primavera del Cava\u00bb _builder_version=\u00bb4.25.0&#8243; _module_preset=\u00bbdefault\u00bb global_colors_info=\u00bb{}\u00bb][\/et_pb_image][\/et_pb_column][et_pb_column type=\u00bb1_2&#8243; _builder_version=\u00bb4.25.0&#8243; _module_preset=\u00bbdefault\u00bb global_colors_info=\u00bb{}\u00bb][et_pb_text _builder_version=\u00bb4.25.0&#8243; _module_preset=\u00bbdefault\u00bb global_colors_info=\u00bb{}\u00bb]<\/p>\n<p data-start=\"483\" data-end=\"545\">Si lo prefieres, rellena el formulario y te contactaremos nosotros.<\/p>\n<p data-start=\"547\" data-end=\"758\">\n<p>[\/et_pb_text][et_pb_text _builder_version=\u00bb4.25.0&#8243; _module_preset=\u00bbdefault\u00bb global_colors_info=\u00bb{}\u00bb]<\/p>\n<script type=\"text\/javascript\">var gform;gform||(document.addEventListener(\"gform_main_scripts_loaded\",function(){gform.scriptsLoaded=!0}),window.addEventListener(\"DOMContentLoaded\",function(){gform.domLoaded=!0}),gform={domLoaded:!1,scriptsLoaded:!1,initializeOnLoaded:function(o){gform.domLoaded&&gform.scriptsLoaded?o():!gform.domLoaded&&gform.scriptsLoaded?window.addEventListener(\"DOMContentLoaded\",o):document.addEventListener(\"gform_main_scripts_loaded\",o)},hooks:{action:{},filter:{}},addAction:function(o,n,r,t){gform.addHook(\"action\",o,n,r,t)},addFilter:function(o,n,r,t){gform.addHook(\"filter\",o,n,r,t)},doAction:function(o){gform.doHook(\"action\",o,arguments)},applyFilters:function(o){return gform.doHook(\"filter\",o,arguments)},removeAction:function(o,n){gform.removeHook(\"action\",o,n)},removeFilter:function(o,n,r){gform.removeHook(\"filter\",o,n,r)},addHook:function(o,n,r,t,i){null==gform.hooks[o][n]&&(gform.hooks[o][n]=[]);var e=gform.hooks[o][n];null==i&&(i=n+\"_\"+e.length),gform.hooks[o][n].push({tag:i,callable:r,priority:t=null==t?10:t})},doHook:function(n,o,r){var t;if(r=Array.prototype.slice.call(r,1),null!=gform.hooks[n][o]&&((o=gform.hooks[n][o]).sort(function(o,n){return o.priority-n.priority}),o.forEach(function(o){\"function\"!=typeof(t=o.callable)&&(t=window[t]),\"action\"==n?t.apply(null,r):r[0]=t.apply(null,r)})),\"filter\"==n)return r[0]},removeHook:function(o,n,t,i){var r;null!=gform.hooks[o][n]&&(r=(r=gform.hooks[o][n]).filter(function(o,n,r){return!!(null!=i&&i!=o.tag||null!=t&&t!=o.priority)}),gform.hooks[o][n]=r)}});<\/script>\n                <div class='gf_browser_gecko gform_wrapper gravity-theme gform-theme--no-framework' data-form-theme='gravity-theme' data-form-index='0' id='gform_wrapper_1' ><div id='gf_1' class='gform_anchor' tabindex='-1'><\/div>\n                        <div class='gform_heading'>\n                            <p class='gform_description'>Formulario de contacto.<\/p>\n\t\t\t\t\t\t\t<p class='gform_required_legend'>&quot;<span class=\"gfield_required gfield_required_asterisk\">*<\/span>&quot; indicates required fields<\/p>\n                        <\/div><form method='post' enctype='multipart\/form-data' target='gform_ajax_frame_1' id='gform_1'  action='\/es\/wp-json\/wp\/v2\/pages\/1998#gf_1' data-formid='1' novalidate><div class='gf_invisible ginput_recaptchav3' data-sitekey='6LfsFtQpAAAAAD_eMxRc9DDR8Kh0U0ABL-NB0kKo' data-tabindex='0'><input id=\"input_8dbf4e010b21e43cdc179984340ce600\" class=\"gfield_recaptcha_response\" type=\"hidden\" name=\"input_8dbf4e010b21e43cdc179984340ce600\" value=\"\"\/><\/div>\n                        <div class='gform-body gform_body'><div id='gform_fields_1' class='gform_fields top_label form_sublabel_below description_below validation_below'><div id=\"field_1_1\" class=\"gfield gfield--type-text gfield--input-type-text gfield_contains_required field_sublabel_below gfield--no-description field_description_below field_validation_below gfield_visibility_visible\"  data-js-reload=\"field_1_1\" ><label class='gfield_label gform-field-label' for='input_1_1'>Nombre<span class=\"gfield_required\"><span class=\"gfield_required gfield_required_asterisk\">*<\/span><\/span><\/label><div class='ginput_container ginput_container_text'><input name='input_1' id='input_1_1' type='text' value='' class='large'     aria-required=\"true\" aria-invalid=\"false\"   \/> <\/div><\/div><div id=\"field_1_3\" class=\"gfield gfield--type-email gfield--input-type-email gfield_contains_required field_sublabel_below gfield--no-description field_description_below field_validation_below gfield_visibility_visible\"  data-js-reload=\"field_1_3\" ><label class='gfield_label gform-field-label' for='input_1_3'>Correo electr\u00f3nico<span class=\"gfield_required\"><span class=\"gfield_required gfield_required_asterisk\">*<\/span><\/span><\/label><div class='ginput_container ginput_container_email'>\n                            <input name='input_3' id='input_1_3' type='email' value='' class='large'    aria-required=\"true\" aria-invalid=\"false\"  \/>\n                        <\/div><\/div><div id=\"field_1_4\" class=\"gfield gfield--type-textarea gfield--input-type-textarea gfield_contains_required field_sublabel_below gfield--no-description field_description_below field_validation_below gfield_visibility_visible\"  data-js-reload=\"field_1_4\" ><label class='gfield_label gform-field-label' for='input_1_4'>Mensaje<span class=\"gfield_required\"><span class=\"gfield_required gfield_required_asterisk\">*<\/span><\/span><\/label><div class='ginput_container ginput_container_textarea'><textarea name='input_4' id='input_1_4' class='textarea small'     aria-required=\"true\" aria-invalid=\"false\"   rows='10' cols='50'><\/textarea><\/div><\/div><fieldset id=\"field_1_5\" class=\"gfield gfield--type-consent gfield--type-choice gfield--input-type-consent gfield_contains_required field_sublabel_below gfield--no-description field_description_below field_validation_below gfield_visibility_visible\"  data-js-reload=\"field_1_5\" ><legend class='gfield_label gform-field-label gfield_label_before_complex' >Pol\u00edtica de env\u00edo de datos<span class=\"gfield_required\"><span class=\"gfield_required gfield_required_asterisk\">*<\/span><\/span><\/legend><div class='ginput_container ginput_container_consent'><input name='input_5.1' id='input_1_5_1' type='checkbox' value='1'   aria-required=\"true\" aria-invalid=\"false\"   \/> <label class=\"gform-field-label gform-field-label--type-inline gfield_consent_label\" for='input_1_5_1' >He le\u00eddo y acepto el env\u00edo de datos.<\/label><input type='hidden' name='input_5.2' value='He le\u00eddo y acepto el env\u00edo de datos.' class='gform_hidden' \/><input type='hidden' name='input_5.3' value='1' class='gform_hidden' \/><\/div><\/fieldset><fieldset id=\"field_1_6\" class=\"gfield gfield--type-consent gfield--type-choice gfield--input-type-consent gfield_contains_required field_sublabel_below gfield--has-description field_description_below field_validation_below gfield_visibility_visible\"  data-js-reload=\"field_1_6\" ><legend class='gfield_label gform-field-label gfield_label_before_complex' >Pol\u00edtica de privacidad<span class=\"gfield_required\"><span class=\"gfield_required gfield_required_asterisk\">*<\/span><\/span><\/legend><div class='ginput_container ginput_container_consent'><input name='input_6.1' id='input_1_6_1' type='checkbox' value='1'  aria-describedby=\"gfield_consent_description_1_6\" aria-required=\"true\" aria-invalid=\"false\"   \/> <label class=\"gform-field-label gform-field-label--type-inline gfield_consent_label\" for='input_1_6_1' >He le\u00eddo y acepto la pol\u00edtica de privacidad.<\/label><input type='hidden' name='input_6.2' value='He le\u00eddo y acepto la pol\u00edtica de privacidad.' class='gform_hidden' \/><input type='hidden' name='input_6.3' value='1' class='gform_hidden' \/><\/div><div class='gfield_description gfield_consent_description' id='gfield_consent_description_1_6'><strong>INFORMACI\u00d3N B\u00c1SICA DE PROTECCI\u00d3N DE DATOS:<\/strong><br \/>\n<strong>Responsable del tratamiento:<\/strong> INSITUT DEL CAVA<br \/>\n<strong>Finalidad del tratamiento:<\/strong> Mantener una relaci\u00f3n con el usuario.<br \/>\n<strong>Legitimaci\u00f3n del tratamiento:<\/strong> Inter\u00e9s leg\u00edtimo y consentimiento del interesado\/a. <strong>Conservaci\u00f3n de los datos<\/strong>: Se conservar\u00e1n mientras exista un inter\u00e9s mutuo o durante el tiempo que sea necesario para cumplir con obligaciones legales. <strong>Destinatarios:<\/strong> Proveedores de servicios o colaboradores. <strong>Derechos:<\/strong> Derecho a retirar el consentimiento en cualquier momento. Derecho de acceso, rectificaci\u00f3n, portabilidad y supresi\u00f3n de sus datos y de la limitaci\u00f3n u oposici\u00f3n al tratamiento. <strong>Datos de contacto para ejercer sus derechos:<\/strong> <a href=\"mailto:comunicacio@aecava.com\">comunicacio@aecava.com.<\/a><br \/>\n<br \/>\n<br \/>\n <br \/>\n<br \/>\n<strong>Informaci\u00f3n adicional:<\/strong> Pod\u00e9is encontrar m\u00e1s informaci\u00f3n en nuestro <a href=\"https:\/\/aecava.com\/avis-legal\/\" target=\"_blank\" rel=\"noopener\">Aviso legal<\/a>.<\/div><\/fieldset><div id=\"field_1_7\" class=\"gfield gfield--type-html gfield--input-type-html gfield--width-full gfield_html gfield_html_formatted field_sublabel_below gfield--no-description field_description_below field_validation_below gfield_visibility_visible\"  data-js-reload=\"field_1_7\" ><p style=\"font-size: 10px; line-height: 1;\">Este sitio web est\u00e1 protegido por reCAPTCHA y aplica la <a href=\"https:\/\/policies.google.com\/privacy\" target=\"_blank\" rel=\"noopener\">pol\u00edtica de privacidad<\/a> y las <a href=\"https:\/\/policies.google.com\/terms\" target=\"_blank\" rel=\"noopener\">condiciones de servicio<\/a> de Google.<\/p><\/div><\/div><\/div>\n        <div class='gform_footer top_label'> <input type='submit' id='gform_submit_button_1' class='gform_button button' value='Envia'  onclick='if(window[\"gf_submitting_1\"]){return false;}  if( !jQuery(\"#gform_1\")[0].checkValidity || jQuery(\"#gform_1\")[0].checkValidity()){window[\"gf_submitting_1\"]=true;}  ' onkeypress='if( event.keyCode == 13 ){ if(window[\"gf_submitting_1\"]){return false;} if( !jQuery(\"#gform_1\")[0].checkValidity || jQuery(\"#gform_1\")[0].checkValidity()){window[\"gf_submitting_1\"]=true;}  jQuery(\"#gform_1\").trigger(\"submit\",[true]); }' \/> <input type='hidden' name='gform_ajax' value='form_id=1&amp;title=&amp;description=1&amp;tabindex=0&amp;theme=gravity-theme' \/>\n            <input type='hidden' class='gform_hidden' name='is_submit_1' value='1' \/>\n            <input type='hidden' class='gform_hidden' name='gform_submit' value='1' \/>\n            \n            <input type='hidden' class='gform_hidden' name='gform_unique_id' value='' \/>\n            <input type='hidden' class='gform_hidden' name='state_1' value='WyJ7XCI1LjFcIjpcIjg2OWVmZGYxZGIwODY2OTg3MjUzYjczNmFlNzQ4ZjY2XCIsXCI1LjJcIjpcImFhZGIyODA0YWI1MGU1NGQ3YzgyYThjYmZjOTkzMTc2XCIsXCI1LjNcIjpcIjg2OWVmZGYxZGIwODY2OTg3MjUzYjczNmFlNzQ4ZjY2XCIsXCI2LjFcIjpcIjg2OWVmZGYxZGIwODY2OTg3MjUzYjczNmFlNzQ4ZjY2XCIsXCI2LjJcIjpcIjQ5MTVmNmIwZGYxNjlmOTg2ZGQ4YWFjOGFhMmQ2ZjcxXCIsXCI2LjNcIjpcIjg2OWVmZGYxZGIwODY2OTg3MjUzYjczNmFlNzQ4ZjY2XCJ9IiwiZjhmZjI3OWM1MmU2OWVjYWU4ZmQ4OGI2M2ZiOTQ5MDciXQ==' \/>\n            <input type='hidden' class='gform_hidden' name='gform_target_page_number_1' id='gform_target_page_number_1' value='0' \/>\n            <input type='hidden' class='gform_hidden' name='gform_source_page_number_1' id='gform_source_page_number_1' value='1' \/>\n            <input type='hidden' name='gform_field_values' value='' \/>\n            \n        <\/div>\n                        <\/form>\n                        <\/div>\n\t\t                <iframe style='display:none;width:0px;height:0px;' src='about:blank' name='gform_ajax_frame_1' id='gform_ajax_frame_1' title='This iframe contains the logic required to handle Ajax powered Gravity Forms.'><\/iframe>\n\t\t                <script type=\"text\/javascript\">\n\/* <![CDATA[ *\/\n gform.initializeOnLoaded( function() {gformInitSpinner( 1, 'https:\/\/laprimaveradelcava.com\/wp-content\/plugins\/gravityforms\/images\/spinner.svg', true );jQuery('#gform_ajax_frame_1').on('load',function(){var contents = jQuery(this).contents().find('*').html();var is_postback = contents.indexOf('GF_AJAX_POSTBACK') >= 0;if(!is_postback){return;}var form_content = jQuery(this).contents().find('#gform_wrapper_1');var is_confirmation = jQuery(this).contents().find('#gform_confirmation_wrapper_1').length > 0;var is_redirect = contents.indexOf('gformRedirect(){') >= 0;var is_form = form_content.length > 0 && ! is_redirect && ! is_confirmation;var mt = parseInt(jQuery('html').css('margin-top'), 10) + parseInt(jQuery('body').css('margin-top'), 10) + 100;if(is_form){jQuery('#gform_wrapper_1').html(form_content.html());if(form_content.hasClass('gform_validation_error')){jQuery('#gform_wrapper_1').addClass('gform_validation_error');} else {jQuery('#gform_wrapper_1').removeClass('gform_validation_error');}setTimeout( function() { \/* delay the scroll by 50 milliseconds to fix a bug in chrome *\/ jQuery(document).scrollTop(jQuery('#gform_wrapper_1').offset().top - mt); }, 50 );if(window['gformInitDatepicker']) {gformInitDatepicker();}if(window['gformInitPriceFields']) {gformInitPriceFields();}var current_page = jQuery('#gform_source_page_number_1').val();gformInitSpinner( 1, 'https:\/\/laprimaveradelcava.com\/wp-content\/plugins\/gravityforms\/images\/spinner.svg', true );jQuery(document).trigger('gform_page_loaded', [1, current_page]);window['gf_submitting_1'] = false;}else if(!is_redirect){var confirmation_content = jQuery(this).contents().find('.GF_AJAX_POSTBACK').html();if(!confirmation_content){confirmation_content = contents;}setTimeout(function(){jQuery('#gform_wrapper_1').replaceWith(confirmation_content);jQuery(document).scrollTop(jQuery('#gf_1').offset().top - mt);jQuery(document).trigger('gform_confirmation_loaded', [1]);window['gf_submitting_1'] = false;wp.a11y.speak(jQuery('#gform_confirmation_message_1').text());}, 50);}else{jQuery('#gform_1').append(contents);if(window['gformRedirect']) {gformRedirect();}}jQuery(document).trigger(\"gform_pre_post_render\", [{ formId: \"1\", currentPage: \"current_page\", abort: function() { this.preventDefault(); } }]);                if (event.defaultPrevented) {                return;         }        const gformWrapperDiv = document.getElementById( \"gform_wrapper_1\" );        if ( gformWrapperDiv ) {            const visibilitySpan = document.createElement( \"span\" );            visibilitySpan.id = \"gform_visibility_test_1\";            gformWrapperDiv.insertAdjacentElement( \"afterend\", visibilitySpan );        }        const visibilityTestDiv = document.getElementById( \"gform_visibility_test_1\" );        let postRenderFired = false;                function triggerPostRender() {            if ( postRenderFired ) {                return;            }            postRenderFired = true;            jQuery( document ).trigger( 'gform_post_render', [1, current_page] );            gform.utils.trigger( { event: 'gform\/postRender', native: false, data: { formId: 1, currentPage: current_page } } );            if ( visibilityTestDiv ) {                visibilityTestDiv.parentNode.removeChild( visibilityTestDiv );            }        }        function debounce( func, wait, immediate ) {            var timeout;            return function() {                var context = this, args = arguments;                var later = function() {                    timeout = null;                    if ( !immediate ) func.apply( context, args );                };                var callNow = immediate && !timeout;                clearTimeout( timeout );                timeout = setTimeout( later, wait );                if ( callNow ) func.apply( context, args );            };        }        const debouncedTriggerPostRender = debounce( function() {            triggerPostRender();        }, 200 );        if ( visibilityTestDiv && visibilityTestDiv.offsetParent === null ) {            const observer = new MutationObserver( ( mutations ) => {                mutations.forEach( ( mutation ) => {                    if ( mutation.type === 'attributes' && visibilityTestDiv.offsetParent !== null ) {                        debouncedTriggerPostRender();                        observer.disconnect();                    }                });            });            observer.observe( document.body, {                attributes: true,                childList: false,                subtree: true,                attributeFilter: [ 'style', 'class' ],            });        } else {            triggerPostRender();        }    } );} ); \n\/* ]]> *\/\n<\/script>\n\n<p>[\/et_pb_text][et_pb_text _builder_version=\u00bb4.25.0&#8243; _module_preset=\u00bbdefault\u00bb custom_margin=\u00bb||-111px|||\u00bb global_colors_info=\u00bb{}\u00bb][\/et_pb_text][\/et_pb_column][\/et_pb_row][\/et_pb_section]<\/p>\n","protected":false},"excerpt":{"rendered":"<p>Contacto La Primavera del Cava 2025<\/p>\n","protected":false},"author":1,"featured_media":1420,"parent":0,"menu_order":0,"comment_status":"closed","ping_status":"closed","template":"","meta":{"_et_pb_use_builder":"on","_et_pb_old_content":"","_et_gb_content_width":"","footnotes":""},"dipi_cpt_category":[],"class_list":["post-1998","page","type-page","status-publish","has-post-thumbnail","hentry"],"_links":{"self":[{"href":"https:\/\/laprimaveradelcava.com\/es\/wp-json\/wp\/v2\/pages\/1998","targetHints":{"allow":["GET"]}}],"collection":[{"href":"https:\/\/laprimaveradelcava.com\/es\/wp-json\/wp\/v2\/pages"}],"about":[{"href":"https:\/\/laprimaveradelcava.com\/es\/wp-json\/wp\/v2\/types\/page"}],"author":[{"embeddable":true,"href":"https:\/\/laprimaveradelcava.com\/es\/wp-json\/wp\/v2\/users\/1"}],"replies":[{"embeddable":true,"href":"https:\/\/laprimaveradelcava.com\/es\/wp-json\/wp\/v2\/comments?post=1998"}],"version-history":[{"count":4,"href":"https:\/\/laprimaveradelcava.com\/es\/wp-json\/wp\/v2\/pages\/1998\/revisions"}],"predecessor-version":[{"id":2052,"href":"https:\/\/laprimaveradelcava.com\/es\/wp-json\/wp\/v2\/pages\/1998\/revisions\/2052"}],"wp:featuredmedia":[{"embeddable":true,"href":"https:\/\/laprimaveradelcava.com\/es\/wp-json\/wp\/v2\/media\/1420"}],"wp:attachment":[{"href":"https:\/\/laprimaveradelcava.com\/es\/wp-json\/wp\/v2\/media?parent=1998"}],"wp:term":[{"taxonomy":"dipi_cpt_category","embeddable":true,"href":"https:\/\/laprimaveradelcava.com\/es\/wp-json\/wp\/v2\/dipi_cpt_category?post=1998"}],"curies":[{"name":"wp","href":"https:\/\/api.w.org\/{rel}","templated":true}]}}