{"id":2005,"date":"2024-04-23T15:33:25","date_gmt":"2024-04-23T13:33:25","guid":{"rendered":"https:\/\/laprimaveradelcava.com\/politica-de-cookies\/"},"modified":"2026-03-24T13:17:47","modified_gmt":"2026-03-24T12:17:47","slug":"politica-de-cookies","status":"publish","type":"page","link":"https:\/\/laprimaveradelcava.com\/es\/politica-de-cookies\/","title":{"rendered":"Pol\u00edtica de cookies"},"content":{"rendered":"<p>[et_pb_section fb_built=\u00bb1&#8243; _builder_version=\u00bb4.16&#8243; global_colors_info=\u00bb{}\u00bb][et_pb_row _builder_version=\u00bb4.16&#8243; background_size=\u00bbinitial\u00bb background_position=\u00bbtop_left\u00bb background_repeat=\u00bbrepeat\u00bb global_colors_info=\u00bb{}\u00bb][et_pb_column type=\u00bb4_4&#8243; _builder_version=\u00bb4.16&#8243; custom_padding=\u00bb|||\u00bb global_colors_info=\u00bb{}\u00bb custom_padding__hover=\u00bb|||\u00bb][et_pb_text _builder_version=\u00bb4.25.0&#8243; background_size=\u00bbinitial\u00bb background_position=\u00bbtop_left\u00bb background_repeat=\u00bbrepeat\u00bb global_colors_info=\u00bb{}\u00bb]<\/p>\n<h1>Pol\u00edtica de cookies |<\/h1>\n<h1>La Primavera del Cava 2026<\/h1>\n<h2><\/h2>\n<h2><\/h2>\n<h2>Acerca de esta pol\u00edtica de cookies.<\/h2>\n<p>Este sitio web utiliza cookies propias y de terceros para ofrecerle una mejor experiencia y servicio. Al navegar o utilizar nuestros servicios el usuario acepta el uso que hacemos de las cookies. Sin embargo, el usuario tiene la opci\u00f3n de impedir la generaci\u00f3n de cookies y la eliminaci\u00f3n de las mismas mediante la selecci\u00f3n de la correspondiente. Para obtener m\u00e1s informaci\u00f3n sobre qui\u00e9nes somos, c\u00f3mo pod\u00e9is contactar con nosotros y c\u00f3mo procesamos vuestros datos personales, consultad nuestra <a href=\"\/politica-privacitat\/\">Pol\u00edtica de privacidad.<\/a> <br \/>Vuestro consentimiento se aplica a los siguientes dominios: <a href=\"https:\/\/laprimaveradelcava.com\/es\/\">laprimaveradelcava.com<\/a> [user_consent_state]<\/p>\n<h2>\u00bfQu\u00e9 son las cookies i la pol\u00edtica de cookies?<\/h2>\n<p>Las cookies son peque\u00f1os archivos de texto que se usan para almacenar peque\u00f1as piezas de informaci\u00f3n. Las cookies se almacenan en su dispositivo cuando se carga el sitio web en su navegador. Estas cookies nos ayudan a que el sitio web funcione correctamente, a hacerlo m\u00e1s seguro, a ofrecer una mejor experiencia de usuario ya entender c\u00f3mo funciona el sitio web y analizar qu\u00e9 funciona y d\u00f3nde mejorar.<\/p>\n<h2>\u00bfC\u00f3mo utilizamos las cookies?<\/h2>\n<p>Como la mayor\u00eda de los servicios online, nuestro sitio web utiliza cookies propias y de terceros para diversos prop\u00f3sitos. En la pol\u00edtica de cookies, las cookies propias son esencialmente necesarias para que el sitio web funcione correctamente y no recogen ninguno de tus datos de identificaci\u00f3n personal. Las cookies de terceros que se emplean en nuestros sitios web se utilizan principalmente para entender c\u00f3mo funciona el sitio web, c\u00f3mo interact\u00faa con nuestro sitio web, mantener nuestros servicios seguros, ofrecer anuncios que le sean relevantes. Todo ello, sirve para ofrecerle una mejor experiencia de usuario y ayudan a acelerar sus futuras interacciones con nuestro sitio web.<\/p>\n<h2>\u00bfQu\u00e9 tipos de cookies utilizamos?<\/h2>\n<p>Las cookies utilizadas en nuestro sitio web se agrupan en las siguientes categor\u00edas. [cookie_category]<br \/>La siguiente lista detalla las cookies usadas en nuestro sitio web. [cookie_audit_category columns=\u00bbcookie,description\u00bb]<\/p>\n<h2>\u00bfC\u00f3mo puedo controlar las preferencias de las cookies en la pol\u00edtica de cookies?<\/h2>\n<p>Puede gestionar sus preferencias de cookies haciendo clic en el bot\u00f3n \u00abConfiguraci\u00f3n\u00bb y activando o desactivando las categor\u00edas de cookies en la ventana emergente seg\u00fan sus preferencias. Si decide cambiar sus preferencias m\u00e1s tarde durante su sesi\u00f3n de navegaci\u00f3n, puede hacer clic en la pesta\u00f1a \u00abGestiona el consentimiento\u00bb de su pantalla. Esto volver\u00e1 a mostrar el aviso de consentimiento que le permitir\u00e1 cambiar sus preferencias o retirar su consentimiento completamente. Adem\u00e1s de esto, distintos navegadores ofrecen distintos m\u00e9todos para bloquear y eliminar las cookies utilizadas por los sitios web. Puedes cambiar la configuraci\u00f3n de tu navegador para bloquear\/eliminar las cookies.<br \/>Para obtener m\u00e1s informaci\u00f3n sobre c\u00f3mo gestionar y eliminar las cookies, visita<a href=\"https:\/\/wikipedia.org\" target=\"_blank\" rel=\"noopener\"> wikipedia.org<\/a>, <a href=\"https:\/\/www.allaboutcookies.org\" target=\"_blank\" rel=\"noopener\">www.allaboutcookies.org<\/a>.<\/p>\n<p>[\/et_pb_text][\/et_pb_column][\/et_pb_row][\/et_pb_section]<\/p>\n","protected":false},"excerpt":{"rendered":"<p>Pol\u00edtica de cookies La Primavera del Cava<\/p>\n","protected":false},"author":1,"featured_media":1436,"parent":0,"menu_order":0,"comment_status":"closed","ping_status":"closed","template":"","meta":{"_et_pb_use_builder":"on","_et_pb_old_content":"","_et_gb_content_width":"","footnotes":""},"dipi_cpt_category":[],"class_list":["post-2005","page","type-page","status-publish","has-post-thumbnail","hentry"],"_links":{"self":[{"href":"https:\/\/laprimaveradelcava.com\/es\/wp-json\/wp\/v2\/pages\/2005","targetHints":{"allow":["GET"]}}],"collection":[{"href":"https:\/\/laprimaveradelcava.com\/es\/wp-json\/wp\/v2\/pages"}],"about":[{"href":"https:\/\/laprimaveradelcava.com\/es\/wp-json\/wp\/v2\/types\/page"}],"author":[{"embeddable":true,"href":"https:\/\/laprimaveradelcava.com\/es\/wp-json\/wp\/v2\/users\/1"}],"replies":[{"embeddable":true,"href":"https:\/\/laprimaveradelcava.com\/es\/wp-json\/wp\/v2\/comments?post=2005"}],"version-history":[{"count":2,"href":"https:\/\/laprimaveradelcava.com\/es\/wp-json\/wp\/v2\/pages\/2005\/revisions"}],"predecessor-version":[{"id":2007,"href":"https:\/\/laprimaveradelcava.com\/es\/wp-json\/wp\/v2\/pages\/2005\/revisions\/2007"}],"wp:featuredmedia":[{"embeddable":true,"href":"https:\/\/laprimaveradelcava.com\/es\/wp-json\/wp\/v2\/media\/1436"}],"wp:attachment":[{"href":"https:\/\/laprimaveradelcava.com\/es\/wp-json\/wp\/v2\/media?parent=2005"}],"wp:term":[{"taxonomy":"dipi_cpt_category","embeddable":true,"href":"https:\/\/laprimaveradelcava.com\/es\/wp-json\/wp\/v2\/dipi_cpt_category?post=2005"}],"curies":[{"name":"wp","href":"https:\/\/api.w.org\/{rel}","templated":true}]}}