{"id":879,"date":"2024-04-23T12:38:10","date_gmt":"2024-04-23T10:38:10","guid":{"rendered":"https:\/\/laprimaveradelcava.com\/primavera-del-cava\/"},"modified":"2026-03-25T11:10:35","modified_gmt":"2026-03-25T10:10:35","slug":"primavera-del-cava","status":"publish","type":"page","link":"https:\/\/laprimaveradelcava.com\/es\/","title":{"rendered":"La Primavera del Cava"},"content":{"rendered":"<p>[et_pb_section fb_built=\u00bb1&#8243; module_class=\u00bbheader-home\u00bb _builder_version=\u00bb4.25.0&#8243; _module_preset=\u00bbdefault\u00bb background_color=\u00bb#919191&#8243; use_background_color_gradient=\u00bbon\u00bb background_color_gradient_stops=\u00bbrgba(0,0,0,0.19) 28%|rgba(8,33,0,0.77) 100%\u00bb background_image=\u00bbhttps:\/\/laprimaveradelcava.com\/wp-content\/uploads\/2026\/03\/9.png\u00bb background_blend=\u00bbsaturation\u00bb min_height_tablet=\u00bb75vh\u00bb min_height_phone=\u00bbauto\u00bb min_height_last_edited=\u00bboff|desktop\u00bb custom_margin=\u00bb12px|12px|12px|12px|false|false\u00bb custom_padding=\u00bb||0px||false|false\u00bb border_radii=\u00bbon|8px|8px|8px|8px\u00bb global_colors_info=\u00bb{}\u00bb][et_pb_row custom_padding_last_edited=\u00bbon|phone\u00bb _builder_version=\u00bb4.25.0&#8243; _module_preset=\u00bb_initial\u00bb positioning=\u00bbnone\u00bb position_origin_a=\u00bbbottom_center\u00bb position_origin_a_tablet=\u00bbbottom_center\u00bb position_origin_a_phone=\u00bbbottom_center\u00bb position_origin_a_last_edited=\u00bboff|desktop\u00bb position_origin_f_last_edited=\u00bboff|desktop\u00bb position_origin_r_last_edited=\u00bboff|desktop\u00bb max_width_tablet=\u00bb\u00bb max_width_phone=\u00bb\u00bb max_width_last_edited=\u00bbon|desktop\u00bb min_height=\u00bb434.4px\u00bb custom_margin=\u00bb|auto|72px|auto||\u00bb custom_padding=\u00bb45px||45px||false|false\u00bb custom_padding_tablet=\u00bb0px||0px||false|false\u00bb custom_padding_phone=\u00bb0px||0px||false|false\u00bb positioning_tablet=\u00bbnone\u00bb positioning_phone=\u00bbnone\u00bb positioning_last_edited=\u00bboff|desktop\u00bb global_colors_info=\u00bb{}\u00bb][et_pb_column type=\u00bb4_4&#8243; _builder_version=\u00bb4.23.1&#8243; _module_preset=\u00bbdefault\u00bb global_colors_info=\u00bb{}\u00bb][et_pb_image src=\u00bbhttps:\/\/laprimaveradelcava.com\/wp-content\/uploads\/2024\/04\/Logo-blanc-Primavera-del-Cava.svg\u00bb title_text=\u00bbLogo blanco Primavera del Cava\u00bb _builder_version=\u00bb4.25.0&#8243; _module_preset=\u00bbdefault\u00bb max_width=\u00bb400px\u00bb global_colors_info=\u00bb{}\u00bb][\/et_pb_image][et_pb_text _builder_version=\u00bb4.25.0&#8243; _module_preset=\u00bb_initial\u00bb background_layout=\u00bbdark\u00bb max_width=\u00bb90%\u00bb max_width_tablet=\u00bb100%\u00bb max_width_phone=\u00bb100%\u00bb max_width_last_edited=\u00bbon|phone\u00bb custom_padding=\u00bb|0px|0px|||\u00bb global_colors_info=\u00bb{}\u00bb]<\/p>\n<h1>Este mayo, \u00a1ven a los vi\u00f1edos!<\/h1>\n<p>[\/et_pb_text][et_pb_button button_url=\u00bbhttps:\/\/laprimaveradelcava.com\/es\/actividades\/\u00bb button_text=\u00bbReserva aqu\u00ed\u00bb _builder_version=\u00bb4.25.0&#8243; _module_preset=\u00bbdefault\u00bb animation_style=\u00bbfade\u00bb global_colors_info=\u00bb{}\u00bb][\/et_pb_button][\/et_pb_column][\/et_pb_row][\/et_pb_section][et_pb_section fb_built=\u00bb1&#8243; _builder_version=\u00bb4.25.0&#8243; _module_preset=\u00bbdefault\u00bb background_color=\u00bb#F2F5E9&#8243; custom_padding=\u00bb25px||25px||false|false\u00bb global_colors_info=\u00bb{}\u00bb][et_pb_row _builder_version=\u00bb4.25.0&#8243; _module_preset=\u00bbdefault\u00bb custom_padding=\u00bb0px||0px|||\u00bb global_colors_info=\u00bb{}\u00bb][et_pb_column type=\u00bb4_4&#8243; _builder_version=\u00bb4.25.0&#8243; _module_preset=\u00bbdefault\u00bb global_colors_info=\u00bb{}\u00bb][et_pb_text _builder_version=\u00bb4.25.0&#8243; _module_preset=\u00bbdefault\u00bb global_colors_info=\u00bb{}\u00bb]<\/p>\n<h2>16 bodegas de cava te abrimos las puertas para vivir la primavera como nunca antes.<\/h2>\n<p>[\/et_pb_text][\/et_pb_column][\/et_pb_row][et_pb_row column_structure=\u00bb1_3,1_3,1_3&#8243; use_custom_gutter=\u00bbon\u00bb gutter_width=\u00bb2&#8243; _builder_version=\u00bb4.25.0&#8243; _module_preset=\u00bbdefault\u00bb global_colors_info=\u00bb{}\u00bb][et_pb_column type=\u00bb1_3&#8243; _builder_version=\u00bb4.25.0&#8243; _module_preset=\u00bbdefault\u00bb global_colors_info=\u00bb{}\u00bb][et_pb_cta title=\u00bbLas actividades\u00bb button_url=\u00bbhttps:\/\/laprimaveradelcava.com\/es\/actividades\/\u00bb button_text=\u00bb\u00a1Quiero vivir la primavera!\u00bb module_class=\u00bbcta-home\u00bb _builder_version=\u00bb4.25.0&#8243; _module_preset=\u00bb2f94a68d-68b2-4846-bb65-e55fb118b6ad\u00bb button_bg_color=\u00bb#98C01C\u00bb global_colors_info=\u00bb{}\u00bb]<\/p>\n<p>Caminatas con catas, desayunos de pay\u00e9s, brunchs, maridajes con tapas, chocolate, quesos, ostras, conciertos y cenas gastron\u00f3micas en entornos \u00fanicos.<\/p>\n<p>[\/et_pb_cta][et_pb_image src=\u00bbhttps:\/\/laprimaveradelcava.com\/wp-content\/uploads\/2025\/03\/Rovellats-LPDC-3.jpg\u00bb alt=\u00bbLa Primavera del Cava Enoturisme al Pened\u00e8s Experi\u00e8ncies i diversi\u00f3\u00bb title_text=\u00bbLa Primavera del Cava\u00bb url=\u00bbhttps:\/\/laprimaveradelcava.com\/es\/actividades\/\u00bb _builder_version=\u00bb4.25.0&#8243; _module_preset=\u00bbdefault\u00bb global_colors_info=\u00bb{}\u00bb][\/et_pb_image][\/et_pb_column][et_pb_column type=\u00bb1_3&#8243; _builder_version=\u00bb4.25.0&#8243; _module_preset=\u00bbdefault\u00bb global_colors_info=\u00bb{}\u00bb][et_pb_cta title=\u00bbPlazas limitadas\u00bb button_url=\u00bbhttps:\/\/laprimaveradelcava.com\/es\/actividades\/\u00bb button_text=\u00bbReserva la experiencia\u00bb module_class=\u00bbcta-home\u00bb _builder_version=\u00bb4.25.0&#8243; _module_preset=\u00bb2f94a68d-68b2-4846-bb65-e55fb118b6ad\u00bb button_bg_color=\u00bb#98C01C\u00bb global_colors_info=\u00bb{}\u00bb]<\/p>\n<p><span>\u00a1Consulta el programa y reserva tu actividad preferida antes de que se agoten! <\/span><\/p>\n<p>[\/et_pb_cta][et_pb_image src=\u00bbhttps:\/\/laprimaveradelcava.com\/wp-content\/uploads\/2026\/03\/6.png\u00bb alt=\u00bbLa Primavera del Cava Enoturisme al Pened\u00e8s Experi\u00e8ncies i diversi\u00f3\u00bb title_text=\u00bbLa Primavera del Cava \u00bb url=\u00bbhttps:\/\/laprimaveradelcava.com\/es\/actividades\/\u00bb _builder_version=\u00bb4.25.0&#8243; _module_preset=\u00bbdefault\u00bb custom_padding=\u00bb||0px|||\u00bb global_colors_info=\u00bb{}\u00bb][\/et_pb_image][\/et_pb_column][et_pb_column type=\u00bb1_3&#8243; _builder_version=\u00bb4.25.0&#8243; _module_preset=\u00bbdefault\u00bb global_colors_info=\u00bb{}\u00bb][et_pb_cta title=\u00bbEntradas ya a la venta.\u00bb button_url=\u00bbhttps:\/\/laprimaveradelcava.com\/es\/entradas\/\u00bb button_text=\u00bbComprar entradas ahora\u00bb module_class=\u00bbcta-home\u00bb _builder_version=\u00bb4.25.0&#8243; _module_preset=\u00bb2f94a68d-68b2-4846-bb65-e55fb118b6ad\u00bb button_bg_color=\u00bb#98C01C\u00bb global_colors_info=\u00bb{}\u00bb]<\/p>\n<p>Actividades con aforo reducido y atenci\u00f3n personalizada para que disfrutes de un momento inolvidable.<\/p>\n<p>[\/et_pb_cta][et_pb_image src=\u00bbhttps:\/\/laprimaveradelcava.com\/wp-content\/uploads\/2025\/03\/covides-e1773746425916.jpg\u00bb title_text=\u00bbla primavera del cava\u00bb url=\u00bbhttps:\/\/laprimaveradelcava.com\/es\/actividades\/\u00bb _builder_version=\u00bb4.25.0&#8243; _module_preset=\u00bbdefault\u00bb global_colors_info=\u00bb{}\u00bb][\/et_pb_image][\/et_pb_column][\/et_pb_row][\/et_pb_section][et_pb_section fb_built=\u00bb1&#8243; _builder_version=\u00bb4.25.0&#8243; _module_preset=\u00bbdefault\u00bb background_color=\u00bbrgba(182,191,156,0.23)\u00bb background_image=\u00bbhttps:\/\/laprimaveradelcava.com\/wp-content\/uploads\/2025\/03\/Rovellats-LPDC-7-1024&#215;683.png\u00bb min_height=\u00bb49vh\u00bb custom_margin=\u00bb-2px|||||\u00bb custom_padding=\u00bb||87px|||\u00bb link_option_url=\u00bbhttps:\/\/laprimaveradelcava.com\/activitats\/\u00bb hover_enabled=\u00bb0&#8243; global_colors_info=\u00bb{}\u00bb alt=\u00bbLa Primavera del Cava Enoturisme al Pened\u00e8s Experi\u00e8ncies i diversi\u00f3\u00bb title_text=\u00bbLa Primavera del Cava\u00bb sticky_enabled=\u00bb0&#8243;][\/et_pb_section][et_pb_section fb_built=\u00bb1&#8243; _builder_version=\u00bb4.25.0&#8243; _module_preset=\u00bbdefault\u00bb min_height=\u00bb256px\u00bb custom_margin=\u00bb1px|||||\u00bb global_colors_info=\u00bb{}\u00bb][et_pb_row column_structure=\u00bb1_4,1_4,1_4,1_4&#8243; _builder_version=\u00bb4.25.0&#8243; _module_preset=\u00bbdefault\u00bb global_colors_info=\u00bb{}\u00bb][et_pb_column type=\u00bb1_4&#8243; _builder_version=\u00bb4.25.0&#8243; _module_preset=\u00bbdefault\u00bb global_colors_info=\u00bb{}\u00bb][et_pb_number_counter title=\u00bbEdiciones celebradas\u00bb number=\u00bb9&#8243; percent_sign=\u00bboff\u00bb _builder_version=\u00bb4.25.0&#8243; _module_preset=\u00bbdefault\u00bb global_colors_info=\u00bb{}\u00bb][\/et_pb_number_counter][\/et_pb_column][et_pb_column type=\u00bb1_4&#8243; _builder_version=\u00bb4.25.0&#8243; _module_preset=\u00bbdefault\u00bb global_colors_info=\u00bb{}\u00bb][et_pb_number_counter title=\u00bbBodegas participantes\u00bb number=\u00bb16&#8243; percent_sign=\u00bboff\u00bb _builder_version=\u00bb4.25.0&#8243; _module_preset=\u00bbdefault\u00bb global_colors_info=\u00bb{}\u00bb][\/et_pb_number_counter][\/et_pb_column][et_pb_column type=\u00bb1_4&#8243; _builder_version=\u00bb4.25.0&#8243; _module_preset=\u00bbdefault\u00bb global_colors_info=\u00bb{}\u00bb][et_pb_number_counter title=\u00bbD\u00edas de diversi\u00f3n enotur\u00edstica\u00bb number=\u00bb31&#8243; percent_sign=\u00bboff\u00bb _builder_version=\u00bb4.25.0&#8243; _module_preset=\u00bbdefault\u00bb global_colors_info=\u00bb{}\u00bb][\/et_pb_number_counter][\/et_pb_column][et_pb_column type=\u00bb1_4&#8243; _builder_version=\u00bb4.25.0&#8243; _module_preset=\u00bbdefault\u00bb global_colors_info=\u00bb{}\u00bb][et_pb_number_counter title=\u00bbAsistentes en ediciones anteriores\u00bb number=\u00bb+10000&#8243; percent_sign=\u00bboff\u00bb _builder_version=\u00bb4.25.0&#8243; _module_preset=\u00bbdefault\u00bb global_colors_info=\u00bb{}\u00bb][\/et_pb_number_counter][\/et_pb_column][\/et_pb_row][\/et_pb_section][et_pb_section fb_built=\u00bb1&#8243; _builder_version=\u00bb4.25.0&#8243; _module_preset=\u00bbdefault\u00bb background_color=\u00bb#B6BF9C\u00bb global_colors_info=\u00bb{}\u00bb][et_pb_row _builder_version=\u00bb4.25.0&#8243; _module_preset=\u00bbdefault\u00bb global_colors_info=\u00bb{}\u00bb][et_pb_column type=\u00bb4_4&#8243; _builder_version=\u00bb4.25.0&#8243; _module_preset=\u00bbdefault\u00bb global_colors_info=\u00bb{}\u00bb][et_pb_cta title=\u00bbExperiencias \u00fanicas para celebrar la primavera \u00bb button_url=\u00bbhttps:\/\/laprimaveradelcava.com\/es\/actividades\/\u00bb button_text=\u00bbComprar entradas\u00bb _builder_version=\u00bb4.25.0&#8243; _module_preset=\u00bb2f94a68d-68b2-4846-bb65-e55fb118b6ad\u00bb button_text_color=\u00bb#FFFFFF\u00bb button_bg_color=\u00bb#98C01C\u00bb text_orientation=\u00bbcenter\u00bb width=\u00bb100%\u00bb max_width=\u00bb600px\u00bb max_width_phone=\u00bb70%\u00bb max_width_last_edited=\u00bboff|desktop\u00bb module_alignment=\u00bbcenter\u00bb custom_padding=\u00bb0px|0px|0px|0px|true|true\u00bb custom_padding_last_edited=\u00bboff|desktop\u00bb button_bg_color_last_edited=\u00bboff|desktop\u00bb text_orientation_tablet=\u00bbcenter\u00bb text_orientation_phone=\u00bbleft\u00bb text_orientation_last_edited=\u00bbon|desktop\u00bb global_colors_info=\u00bb{}\u00bb button_bg_color__hover_enabled=\u00bboff|desktop\u00bb]<\/p>\n<p>Un mayo lleno de experiencias que te quedar\u00e1n grabadas.<\/p>\n<p>[\/et_pb_cta][\/et_pb_column][\/et_pb_row][\/et_pb_section][et_pb_section fb_built=\u00bb1&#8243; _builder_version=\u00bb4.25.0&#8243; _module_preset=\u00bbdefault\u00bb background_color=\u00bb#F2F5E9&#8243; custom_padding=\u00bb34px|||||\u00bb global_colors_info=\u00bb{}\u00bb][et_pb_row column_structure=\u00bb1_2,1_2&#8243; make_equal=\u00bbon\u00bb _builder_version=\u00bb4.25.0&#8243; _module_preset=\u00bbdefault\u00bb custom_css_main_element=\u00bbalign-items:center\u00bb global_colors_info=\u00bb{}\u00bb][et_pb_column type=\u00bb1_2&#8243; _builder_version=\u00bb4.25.0&#8243; _module_preset=\u00bbdefault\u00bb global_colors_info=\u00bb{}\u00bb][et_pb_cta title=\u00bbBodegas con alma\u00bb button_url=\u00bbhttps:\/\/laprimaveradelcava.com\/es\/actividades\/\u00bb button_text=\u00bbConsulta las actividades\u00bb _builder_version=\u00bb4.25.0&#8243; _module_preset=\u00bb2f94a68d-68b2-4846-bb65-e55fb118b6ad\u00bb background_enable_color=\u00bboff\u00bb custom_button=\u00bboff\u00bb max_width=\u00bb100%\u00bb max_width_tablet=\u00bb100%\u00bb max_width_phone=\u00bb100%\u00bb max_width_last_edited=\u00bboff|desktop\u00bb custom_padding=\u00bb0px|0px|0px|0px|false|false\u00bb global_colors_info=\u00bb{}\u00bb]<\/p>\n<p data-start=\"1981\" data-end=\"2049\">Cada bodega te ofrece una actividad pensada para sorprenderte y conectarte con la esencia del territorio.<\/p>\n<p data-start=\"1550\" data-end=\"1597\">\u00bfQuieres saber qui\u00e9nes son? <strong><a href=\"https:\/\/laprimaveradelcava.com\/es\/eventos\/batllori\/\">Batllori<\/a>, <a href=\"https:\/\/laprimaveradelcava.com\/es\/eventos\/canalsimunne\/\">Canals &amp; Munn\u00e9<\/a>, <a href=\"https:\/\/laprimaveradelcava.com\/es\/eventos\/canalsidomingo\/\">Canals &amp; Domingo<\/a>, <a href=\"https:\/\/laprimaveradelcava.com\/es\/eventos\/capitavidal\/\">Capit\u00e0 Vidal<\/a>, <a href=\"https:\/\/laprimaveradelcava.com\/es\/eventos\/carlesandreu\/\">Carles Andreu<\/a>, <a href=\"https:\/\/laprimaveradelcava.com\/es\/eventos\/codorniu\/\">Codorn\u00edu<\/a>, <a href=\"https:\/\/laprimaveradelcava.com\/es\/eventos\/covides-2\/\">Covides<\/a>, <a href=\"https:\/\/laprimaveradelcava.com\/es\/eventos\/girodelgorner\/\">Gir\u00f3 del Gorner<\/a>, <a href=\"https:\/\/laprimaveradelcava.com\/es\/eventos\/joansegurapujadas\/\">Joan Segura Pujadas<\/a>, <a href=\"https:\/\/laprimaveradelcava.com\/esdeveniments\/jovanivins\/\">Jovani Vins<\/a>, <a href=\"https:\/\/laprimaveradelcava.com\/es\/eventos\/masiatorreblanca\/\">Masia Torreblanca<\/a>, <a href=\"https:\/\/laprimaveradelcava.com\/es\/eventos\/pagesentrena\/\">Pag\u00e8s Entrena<\/a>, <a href=\"https:\/\/laprimaveradelcava.com\/es\/eventos\/cavarovellats\/\">Rovellats<\/a>, <a href=\"https:\/\/laprimaveradelcava.com\/es\/eventos\/sumarroca\/\">Sumarroca<\/a>, <a href=\"https:\/\/laprimaveradelcava.com\/es\/eventos\/umesu\/\">U Mes U<\/a> y               <a href=\"https:\/\/laprimaveradelcava.com\/es\/eventos\/vilarnau\/\">Vilarnau.<\/a><\/strong><\/p>\n<p>[\/et_pb_cta][\/et_pb_column][et_pb_column type=\u00bb1_2&#8243; _builder_version=\u00bb4.25.0&#8243; _module_preset=\u00bbdefault\u00bb global_colors_info=\u00bb{}\u00bb][et_pb_image src=\u00bbhttps:\/\/laprimaveradelcava.com\/wp-content\/uploads\/2025\/03\/La-Primavera-del-Cava-Giro-del-Gorner-4.png\u00bb alt=\u00bbLa Primavera del Cava Enoturisme al Pened\u00e8s Experi\u00e8ncies i diversi\u00f3\u00bb title_text=\u00bbLa Primavera del Cava \u00bb url=\u00bbhttps:\/\/laprimaveradelcava.com\/es\/actividades\/\u00bb _builder_version=\u00bb4.25.0&#8243; _module_preset=\u00bbdefault\u00bb global_colors_info=\u00bb{}\u00bb][\/et_pb_image][\/et_pb_column][\/et_pb_row][et_pb_row column_structure=\u00bb1_2,1_2&#8243; make_equal=\u00bbon\u00bb module_class=\u00bbmobil-invers\u00bb _builder_version=\u00bb4.25.0&#8243; _module_preset=\u00bbdefault\u00bb custom_css_main_element=\u00bbalign-items:center\u00bb global_colors_info=\u00bb{}\u00bb][et_pb_column type=\u00bb1_2&#8243; _builder_version=\u00bb4.25.0&#8243; _module_preset=\u00bbdefault\u00bb global_colors_info=\u00bb{}\u00bb][et_pb_image src=\u00bbhttps:\/\/laprimaveradelcava.com\/wp-content\/uploads\/2025\/03\/Bodegues-Capita-Vidal-La-Primavera-del-Cava-2.png\u00bb alt=\u00bbLa Primavera del Cava Enoturisme al Pened\u00e8s Experi\u00e8ncies i diversi\u00f3\u00bb title_text=\u00bbLa Primavera del Cava\u00bb url=\u00bbhttps:\/\/laprimaveradelcava.com\/es\/actividades\/\u00bb _builder_version=\u00bb4.25.0&#8243; _module_preset=\u00bbdefault\u00bb global_colors_info=\u00bb{}\u00bb][\/et_pb_image][\/et_pb_column][et_pb_column type=\u00bb1_2&#8243; _builder_version=\u00bb4.25.0&#8243; _module_preset=\u00bbdefault\u00bb global_colors_info=\u00bb{}\u00bb][et_pb_cta title=\u00bbActividades en el Alt Pened\u00e9s y en la Conca de Barber\u00e1\u00bb button_url=\u00bbhttps:\/\/laprimaveradelcava.com\/es\/actividades\/\u00bb button_text=\u00bb\u00a1Elige tu actividad!\u00bb _builder_version=\u00bb4.25.0&#8243; _module_preset=\u00bb2f94a68d-68b2-4846-bb65-e55fb118b6ad\u00bb background_enable_color=\u00bboff\u00bb custom_button=\u00bboff\u00bb max_width=\u00bb100%\u00bb max_width_tablet=\u00bb100%\u00bb max_width_phone=\u00bb100%\u00bb max_width_last_edited=\u00bboff|desktop\u00bb custom_padding=\u00bb0px|0px|27px|0px|false|false\u00bb global_colors_info=\u00bb{}\u00bb]<\/p>\n<p>Las actividades se realizan mayoritariamente en el Pened\u00e9s, con una propuesta especial en la Conca de Barber\u00e1.<\/p>\n<p>Est\u00e9 donde est\u00e9s, tienes una experiencia de vendimia cerca de ti.<\/p>\n<p>[\/et_pb_cta][\/et_pb_column][\/et_pb_row][et_pb_row column_structure=\u00bb1_2,1_2&#8243; make_equal=\u00bbon\u00bb _builder_version=\u00bb4.25.0&#8243; _module_preset=\u00bbdefault\u00bb custom_css_main_element=\u00bbalign-items:center\u00bb global_colors_info=\u00bb{}\u00bb][et_pb_column type=\u00bb1_2&#8243; _builder_version=\u00bb4.25.0&#8243; _module_preset=\u00bbdefault\u00bb global_colors_info=\u00bb{}\u00bb][et_pb_cta title=\u00bbCelebramos 9 a\u00f1os de primavera compartida \u00bb button_url=\u00bbhttps:\/\/laprimaveradelcava.com\/es\/actividades\/\u00bb button_text=\u00bbComprar entradas ahora\u00bb _builder_version=\u00bb4.25.0&#8243; _module_preset=\u00bb2f94a68d-68b2-4846-bb65-e55fb118b6ad\u00bb background_enable_color=\u00bboff\u00bb custom_button=\u00bboff\u00bb max_width=\u00bb100%\u00bb max_width_tablet=\u00bb100%\u00bb max_width_phone=\u00bb100%\u00bb max_width_last_edited=\u00bboff|desktop\u00bb custom_padding=\u00bb0px|0px|0px|0px|false|false\u00bb global_colors_info=\u00bb{}\u00bb]<\/p>\n<div class=\"et_pb_promo_description\">\n<div>\n<p>Hace 9 a\u00f1os que celebramos La Primavera del Cava con cientos de personas como t\u00fa, que ha venido, repetido y hecho crecer este proyecto. \u00a1Gracias por ser parte de esta historia! <\/p>\n<\/div>\n<\/div>\n<p>[\/et_pb_cta][\/et_pb_column][et_pb_column type=\u00bb1_2&#8243; _builder_version=\u00bb4.25.0&#8243; _module_preset=\u00bbdefault\u00bb global_colors_info=\u00bb{}\u00bb][et_pb_image src=\u00bbhttps:\/\/laprimaveradelcava.com\/wp-content\/uploads\/2025\/03\/Rovellats-LPDC-5.png\u00bb alt=\u00bbLa Primavera del Cava Enoturisme al Pened\u00e8s Experi\u00e8ncies i diversi\u00f3\u00bb title_text=\u00bbLa Primavera del Cava \u00bb url=\u00bbhttps:\/\/laprimaveradelcava.com\/es\/actividades\/\u00bb _builder_version=\u00bb4.25.0&#8243; _module_preset=\u00bbdefault\u00bb global_colors_info=\u00bb{}\u00bb][\/et_pb_image][\/et_pb_column][\/et_pb_row][\/et_pb_section]<\/p>\n","protected":false},"excerpt":{"rendered":"<p>La Primavera del Cava es un festival lleno de actividades entre vi\u00f1edos durante todo el mes de mayo.<\/p>\n","protected":false},"author":1,"featured_media":0,"parent":0,"menu_order":0,"comment_status":"closed","ping_status":"closed","template":"","meta":{"_et_pb_use_builder":"on","_et_pb_old_content":"","_et_gb_content_width":"","footnotes":""},"dipi_cpt_category":[],"class_list":["post-879","page","type-page","status-publish","hentry"],"_links":{"self":[{"href":"https:\/\/laprimaveradelcava.com\/es\/wp-json\/wp\/v2\/pages\/879","targetHints":{"allow":["GET"]}}],"collection":[{"href":"https:\/\/laprimaveradelcava.com\/es\/wp-json\/wp\/v2\/pages"}],"about":[{"href":"https:\/\/laprimaveradelcava.com\/es\/wp-json\/wp\/v2\/types\/page"}],"author":[{"embeddable":true,"href":"https:\/\/laprimaveradelcava.com\/es\/wp-json\/wp\/v2\/users\/1"}],"replies":[{"embeddable":true,"href":"https:\/\/laprimaveradelcava.com\/es\/wp-json\/wp\/v2\/comments?post=879"}],"version-history":[{"count":59,"href":"https:\/\/laprimaveradelcava.com\/es\/wp-json\/wp\/v2\/pages\/879\/revisions"}],"predecessor-version":[{"id":2048,"href":"https:\/\/laprimaveradelcava.com\/es\/wp-json\/wp\/v2\/pages\/879\/revisions\/2048"}],"wp:attachment":[{"href":"https:\/\/laprimaveradelcava.com\/es\/wp-json\/wp\/v2\/media?parent=879"}],"wp:term":[{"taxonomy":"dipi_cpt_category","embeddable":true,"href":"https:\/\/laprimaveradelcava.com\/es\/wp-json\/wp\/v2\/dipi_cpt_category?post=879"}],"curies":[{"name":"wp","href":"https:\/\/api.w.org\/{rel}","templated":true}]}}